{"id":245,"date":"2020-10-14T20:30:17","date_gmt":"2020-10-14T23:30:17","guid":{"rendered":"http:\/\/herramientaholder.com.ar\/?post_type=product&#038;p=245"},"modified":"2026-03-23T10:29:23","modified_gmt":"2026-03-23T13:29:23","slug":"herramienta-holder","status":"publish","type":"product","link":"https:\/\/herramientaholder.com.ar\/en\/product\/herramienta-holder\/","title":{"rendered":"Herramienta Holder"},"content":{"rendered":"<p>El kit incluye dos piezas escuadradoras y cuatro niveladoras. Con ellas es posible armar muebles enteros brindando precisi\u00f3n y evitando complicaciones.<br \/>\nPermite ahorrar tiempo y dinero en la construcci\u00f3n de los mismos.<br \/>\nAdem\u00e1s de ayudar a que quede m\u00e1s prolijo, evita que se realicen esfuerzos innecesarios y malas posturas.<br \/>\n\u00daNICAMENTE PARA PLACAS DE 18mm.<\/p>\n<p>Los env\u00edos se realizan a trav\u00e9s de Correo Argentino con un plazo de entrega de 3-6 d\u00edas h\u00e1biles.<\/p>","protected":false},"excerpt":{"rendered":"<p>Herramienta para escuadrar placas de 18 mm de espesor.<\/p>","protected":false},"featured_media":488,"comment_status":"closed","ping_status":"closed","template":"elementor_canvas","meta":[],"product_cat":[38],"product_tag":[44,40,39,43,42,41],"_links":{"self":[{"href":"https:\/\/herramientaholder.com.ar\/en\/wp-json\/wp\/v2\/product\/245"}],"collection":[{"href":"https:\/\/herramientaholder.com.ar\/en\/wp-json\/wp\/v2\/product"}],"about":[{"href":"https:\/\/herramientaholder.com.ar\/en\/wp-json\/wp\/v2\/types\/product"}],"replies":[{"embeddable":true,"href":"https:\/\/herramientaholder.com.ar\/en\/wp-json\/wp\/v2\/comments?post=245"}],"version-history":[{"count":8,"href":"https:\/\/herramientaholder.com.ar\/en\/wp-json\/wp\/v2\/product\/245\/revisions"}],"predecessor-version":[{"id":4194,"href":"https:\/\/herramientaholder.com.ar\/en\/wp-json\/wp\/v2\/product\/245\/revisions\/4194"}],"wp:featuredmedia":[{"embeddable":true,"href":"https:\/\/herramientaholder.com.ar\/en\/wp-json\/wp\/v2\/media\/488"}],"wp:attachment":[{"href":"https:\/\/herramientaholder.com.ar\/en\/wp-json\/wp\/v2\/media?parent=245"}],"wp:term":[{"taxonomy":"product_cat","embeddable":true,"href":"https:\/\/herramientaholder.com.ar\/en\/wp-json\/wp\/v2\/product_cat?post=245"},{"taxonomy":"product_tag","embeddable":true,"href":"https:\/\/herramientaholder.com.ar\/en\/wp-json\/wp\/v2\/product_tag?post=245"}],"curies":[{"name":"wp","href":"https:\/\/api.w.org\/{rel}","templated":true}]}}